{"id":1413,"date":"2025-01-22T22:48:45","date_gmt":"2025-01-22T21:48:45","guid":{"rendered":"http:\/\/www.aeroklubluhacovice.cz\/?page_id=1413"},"modified":"2025-03-19T22:30:04","modified_gmt":"2025-03-19T21:30:04","slug":"zdenek-nekoranec","status":"publish","type":"page","link":"https:\/\/www.aeroklubluhacovice.cz\/index.php\/zdenek-nekoranec\/","title":{"rendered":"Zden\u011bk Nekoranec"},"content":{"rendered":"\n<p>Zden\u011bk&nbsp;&nbsp;Nekoranec&nbsp;&nbsp;se stejn\u011b jako Ludv\u00edk&nbsp;&nbsp;\u010cvanda stal hned \u010dlenem aeroklubu ve Zl\u00edn\u011b a n\u00e1sledn\u011b l\u00e9taj\u00edc\u00edho v&nbsp;Otrokovic\u00edch. Pracoval rovn\u011b\u017e v&nbsp;Ba\u0165ov\u00fdch z\u00e1vodech, pozd\u011bji v konstrukci ZPS. Kdy\u017e jsem v&nbsp;roce 1965 po vysok\u00e9 \u0161kole nastoupil do ZPS stal jsem se nakr\u00e1tko jeho spolupracovn\u00edkem, ne\u017e jsem nastoupil do konstrukce Odd\u011blen\u00ed technick\u00e9 slu\u017eby. Se Zdenkem jsem se samoz\u0159ejm\u011b znal&nbsp;&nbsp;u\u017e skoro dvacet let z&nbsp;leti\u0161t\u011b a l\u00e9t\u00e1n\u00ed. Byl tak\u00e9 instruktorem, ale hlavn\u011b vleka\u0159em jako Ludv\u00edk. To jsem tehdy netu\u0161il, \u017ee tu OK MPW zd\u011bd\u00edm t\u00e9m\u011b\u0159 jako l\u00e9no. Zdenek byl taky aktivn\u00ed plachta\u0159, l\u00e9tal p\u0159elety a hlavn\u011b taky akrobacii s&nbsp;Lu\u0148\u00e1kem, kterou l\u00e9tal skvostn\u011b. Moje p\u0159edstava, \u017ee si to s&nbsp;Lu\u0148\u00e1kem taky zkus\u00edm, byla zma\u0159ena zap\u016fj\u010den\u00edm do&nbsp;Kunovic a p\u0159i p\u00e1du do v\u00fdvrtky p\u0159i norm\u00e1ln\u00edm zakon\u010den\u00ed termick\u00e9ho letu ve \u010dtvrt\u00e9 zat\u00e1\u010dce tot\u00e1ln\u011b zni\u010den\u00edm. P\u016fvodce t\u00e9 kraksny byl pozd\u011bj\u0161\u00ed dr\u017eitel zlat\u00e9ho \u201eC\u201c se t\u0159emi diamanty. No i mistr tesa\u0159 se ob\u010das utne; podstatn\u00e9 je, \u017ee to&nbsp;p\u0159e\u017eil a\u010d pol\u00e1man\u00fd.&nbsp;&nbsp;&nbsp;&nbsp;&nbsp;&nbsp;&nbsp;&nbsp;&nbsp;&nbsp;&nbsp;&nbsp;&nbsp;&nbsp;&nbsp;&nbsp;&nbsp;&nbsp;&nbsp;&nbsp;&nbsp;&nbsp;&nbsp;&nbsp;&nbsp;&nbsp;&nbsp;&nbsp;&nbsp;&nbsp;&nbsp;&nbsp;&nbsp;&nbsp;&nbsp;&nbsp;&nbsp;&nbsp;&nbsp;&nbsp;&nbsp;&nbsp;&nbsp;&nbsp;&nbsp;&nbsp;&nbsp;&nbsp;&nbsp;&nbsp;&nbsp;Po Zdenkovi z\u016fstala bohu\u017eel jen jedna neukon\u010den\u00e1 historka&nbsp;&nbsp;s&nbsp;p\u0159eletem a to pokra\u010dov\u00e1n\u00ed v&nbsp;hust\u00e9m mraku by mn\u011b velice zaj\u00edmalo. Cht\u011bl jsem to porovnat se svoj\u00ed pozd\u011bj\u0161\u00ed zku\u0161enost\u00ed v&nbsp;Cu congestu, ale nebylo s&nbsp;\u010d\u00edm. Tak si to s&nbsp;fantazi\u00ed dopl\u0148te sami.<\/p>\n\n\n\n<p>Zdenek bydlel v&nbsp;Otrokovic\u00edch a p\u0159i povodni 1997 mu tak \u0159\u00edkaj\u00edc archiv uplaval. Tak jsme vyslechli \u0159adu v\u011bc\u00ed v&nbsp;\u00fastn\u00edm pod\u00e1n\u00ed, kdy\u017e po skon\u010den\u00ed aktivn\u00edho l\u00e9t\u00e1n\u00ed p\u0159ich\u00e1zel na besedu do aeroklubu v&nbsp;Hole\u0161ov\u011b nebo pozd\u011bji do klubu veter\u00e1n\u016f, kter\u00fd podnikal pravideln\u00e9 v\u00fdlety po leti\u0161t\u00edch Moravy. Na p\u0159ipojen\u00e9 fotce z&nbsp;jednoho takov\u00e9ho v\u00fdletu je vlevo spolu s&nbsp;Jarkou Pet\u0159kovskou, Jindrou Br\u00e1zdilem a Bobem B\u011bl\u00edkem.<\/p>\n\n\n\n<figure class=\"wp-block-image size-large\"><img data-recalc-dims=\"1\" fetchpriority=\"high\" decoding=\"async\" width=\"584\" height=\"376\" data-attachment-id=\"3015\" data-permalink=\"https:\/\/www.aeroklubluhacovice.cz\/index.php\/zdenek-nekoranec\/vystrizek-zdenek\/\" data-orig-file=\"https:\/\/i0.wp.com\/www.aeroklubluhacovice.cz\/wp-content\/uploads\/2025\/02\/Vystrizek-Zdenek.jpg?fit=1027%2C661&amp;ssl=1\" data-orig-size=\"1027,661\" data-comments-opened=\"1\" data-image-meta=\"{&quot;aperture&quot;:&quot;0&quot;,&quot;credit&quot;:&quot;cad&quot;,&quot;camera&quot;:&quot;&quot;,&quot;caption&quot;:&quot;&quot;,&quot;created_timestamp&quot;:&quot;1738522244&quot;,&quot;copyright&quot;:&quot;&quot;,&quot;focal_length&quot;:&quot;0&quot;,&quot;iso&quot;:&quot;0&quot;,&quot;shutter_speed&quot;:&quot;0&quot;,&quot;title&quot;:&quot;&quot;,&quot;orientation&quot;:&quot;0&quot;}\" data-image-title=\"Vystrizek-Zdenek\" data-image-description=\"\" data-image-caption=\"\" data-large-file=\"https:\/\/i0.wp.com\/www.aeroklubluhacovice.cz\/wp-content\/uploads\/2025\/02\/Vystrizek-Zdenek.jpg?fit=584%2C376&amp;ssl=1\" src=\"https:\/\/i0.wp.com\/www.aeroklubluhacovice.cz\/wp-content\/uploads\/2025\/02\/Vystrizek-Zdenek-1024x659.jpg?resize=584%2C376&#038;ssl=1\" alt=\"\" class=\"wp-image-3015\" srcset=\"https:\/\/i0.wp.com\/www.aeroklubluhacovice.cz\/wp-content\/uploads\/2025\/02\/Vystrizek-Zdenek.jpg?resize=1024%2C659&amp;ssl=1 1024w, https:\/\/i0.wp.com\/www.aeroklubluhacovice.cz\/wp-content\/uploads\/2025\/02\/Vystrizek-Zdenek.jpg?resize=300%2C193&amp;ssl=1 300w, https:\/\/i0.wp.com\/www.aeroklubluhacovice.cz\/wp-content\/uploads\/2025\/02\/Vystrizek-Zdenek.jpg?resize=768%2C494&amp;ssl=1 768w, https:\/\/i0.wp.com\/www.aeroklubluhacovice.cz\/wp-content\/uploads\/2025\/02\/Vystrizek-Zdenek.jpg?resize=466%2C300&amp;ssl=1 466w, https:\/\/i0.wp.com\/www.aeroklubluhacovice.cz\/wp-content\/uploads\/2025\/02\/Vystrizek-Zdenek.jpg?w=1027&amp;ssl=1 1027w\" sizes=\"(max-width: 584px) 100vw, 584px\" \/><\/figure>\n\n\n\n<p>Jarka byla jedna ze t\u0159\u00ed motorov\u00fdch pilotek, po vdavk\u00e1ch zanechala l\u00e9t\u00e1n\u00ed, ale ne kontakt\u016f s aeroklub\u00e1ky. D\u00edky dce\u0159i se stala&nbsp;&nbsp;&nbsp;tchyn\u00ed Sv\u00e1ti Vl\u010dka, pozd\u011bji inspektora \u00da\u0159adu pro civiln\u00ed letectv\u00ed, na\u0161eho \u010dlena. Vedle stoj\u00ed Jindra Br\u00e1zdil, perfektn\u00ed a p\u0159esn\u00fd m\u016fj spole\u010dn\u00edk na lety ve skupin\u011b a roji. Vpravo Bob B\u011bl\u00edk, kdysi kapit\u00e1n \u010cSA a instruktor na\u0161eho aeroklubu, jeho\u017e syna jsem m\u011bl v&nbsp;z\u00e1kladn\u00edm v\u00fdcviku na Blan\u00edku p\u0159ed 50 lety a potom zase po 30 letech na Dimon\u011b. Touto malou vsuvkou chci nazna\u010dit, jak l\u00e9t\u00e1n\u00ed spojuje lidi nejen pracovn\u011b, ale tak\u00e9 spole\u010densky po des\u00edtky let.<\/p>\n\n\n\n<p>\u00davodn\u00ed slovo napsal v&nbsp;lednu 2025 Lubom\u00edr Vrba senior<\/p>\n\n\n\n<figure class=\"wp-block-image size-large\"><img data-recalc-dims=\"1\" decoding=\"async\" width=\"582\" height=\"798\" data-attachment-id=\"1414\" data-permalink=\"https:\/\/www.aeroklubluhacovice.cz\/index.php\/zdenek-nekoranec\/z-nekoranec1\/\" data-orig-file=\"https:\/\/i0.wp.com\/www.aeroklubluhacovice.cz\/wp-content\/uploads\/2022\/06\/Z.Nekoranec1.jpg?fit=582%2C798&amp;ssl=1\" data-orig-size=\"582,798\" data-comments-opened=\"1\" data-image-meta=\"{&quot;aperture&quot;:&quot;0&quot;,&quot;credit&quot;:&quot;&quot;,&quot;camera&quot;:&quot;&quot;,&quot;caption&quot;:&quot;&quot;,&quot;created_timestamp&quot;:&quot;0&quot;,&quot;copyright&quot;:&quot;&quot;,&quot;focal_length&quot;:&quot;0&quot;,&quot;iso&quot;:&quot;0&quot;,&quot;shutter_speed&quot;:&quot;0&quot;,&quot;title&quot;:&quot;&quot;,&quot;orientation&quot;:&quot;1&quot;}\" data-image-title=\"Z.Nekoranec1\" data-image-description=\"\" data-image-caption=\"\" data-large-file=\"https:\/\/i0.wp.com\/www.aeroklubluhacovice.cz\/wp-content\/uploads\/2022\/06\/Z.Nekoranec1.jpg?fit=582%2C798&amp;ssl=1\" src=\"https:\/\/i0.wp.com\/www.aeroklubluhacovice.cz\/wp-content\/uploads\/2022\/06\/Z.Nekoranec1.jpg?resize=582%2C798&#038;ssl=1\" alt=\"\" class=\"wp-image-1414\" srcset=\"https:\/\/i0.wp.com\/www.aeroklubluhacovice.cz\/wp-content\/uploads\/2022\/06\/Z.Nekoranec1.jpg?w=582&amp;ssl=1 582w, https:\/\/i0.wp.com\/www.aeroklubluhacovice.cz\/wp-content\/uploads\/2022\/06\/Z.Nekoranec1.jpg?resize=219%2C300&amp;ssl=1 219w\" sizes=\"(max-width: 582px) 100vw, 582px\" \/><\/figure>\n\n\n\n<figure class=\"wp-block-image size-large\"><img data-recalc-dims=\"1\" decoding=\"async\" width=\"582\" height=\"798\" data-attachment-id=\"1415\" data-permalink=\"https:\/\/www.aeroklubluhacovice.cz\/index.php\/zdenek-nekoranec\/z-nekoranec2\/\" data-orig-file=\"https:\/\/i0.wp.com\/www.aeroklubluhacovice.cz\/wp-content\/uploads\/2022\/06\/Z.Nekoranec2.jpg?fit=582%2C798&amp;ssl=1\" data-orig-size=\"582,798\" data-comments-opened=\"1\" data-image-meta=\"{&quot;aperture&quot;:&quot;0&quot;,&quot;credit&quot;:&quot;&quot;,&quot;camera&quot;:&quot;&quot;,&quot;caption&quot;:&quot;&quot;,&quot;created_timestamp&quot;:&quot;0&quot;,&quot;copyright&quot;:&quot;&quot;,&quot;focal_length&quot;:&quot;0&quot;,&quot;iso&quot;:&quot;0&quot;,&quot;shutter_speed&quot;:&quot;0&quot;,&quot;title&quot;:&quot;&quot;,&quot;orientation&quot;:&quot;1&quot;}\" data-image-title=\"Z.Nekoranec2\" data-image-description=\"\" data-image-caption=\"\" data-large-file=\"https:\/\/i0.wp.com\/www.aeroklubluhacovice.cz\/wp-content\/uploads\/2022\/06\/Z.Nekoranec2.jpg?fit=582%2C798&amp;ssl=1\" src=\"https:\/\/i0.wp.com\/www.aeroklubluhacovice.cz\/wp-content\/uploads\/2022\/06\/Z.Nekoranec2.jpg?resize=582%2C798&#038;ssl=1\" alt=\"\" class=\"wp-image-1415\" srcset=\"https:\/\/i0.wp.com\/www.aeroklubluhacovice.cz\/wp-content\/uploads\/2022\/06\/Z.Nekoranec2.jpg?w=582&amp;ssl=1 582w, https:\/\/i0.wp.com\/www.aeroklubluhacovice.cz\/wp-content\/uploads\/2022\/06\/Z.Nekoranec2.jpg?resize=219%2C300&amp;ssl=1 219w\" sizes=\"(max-width: 582px) 100vw, 582px\" \/><\/figure>\n\n\n\n<figure class=\"wp-block-image size-large\"><img data-recalc-dims=\"1\" loading=\"lazy\" decoding=\"async\" width=\"582\" height=\"819\" data-attachment-id=\"1416\" data-permalink=\"https:\/\/www.aeroklubluhacovice.cz\/index.php\/zdenek-nekoranec\/z-nekoranec3\/\" data-orig-file=\"https:\/\/i0.wp.com\/www.aeroklubluhacovice.cz\/wp-content\/uploads\/2022\/06\/Z.Nekoranec3.jpg?fit=582%2C819&amp;ssl=1\" data-orig-size=\"582,819\" data-comments-opened=\"1\" data-image-meta=\"{&quot;aperture&quot;:&quot;0&quot;,&quot;credit&quot;:&quot;&quot;,&quot;camera&quot;:&quot;&quot;,&quot;caption&quot;:&quot;&quot;,&quot;created_timestamp&quot;:&quot;0&quot;,&quot;copyright&quot;:&quot;&quot;,&quot;focal_length&quot;:&quot;0&quot;,&quot;iso&quot;:&quot;0&quot;,&quot;shutter_speed&quot;:&quot;0&quot;,&quot;title&quot;:&quot;&quot;,&quot;orientation&quot;:&quot;1&quot;}\" data-image-title=\"Z.Nekoranec3\" data-image-description=\"\" data-image-caption=\"\" data-large-file=\"https:\/\/i0.wp.com\/www.aeroklubluhacovice.cz\/wp-content\/uploads\/2022\/06\/Z.Nekoranec3.jpg?fit=582%2C819&amp;ssl=1\" src=\"https:\/\/i0.wp.com\/www.aeroklubluhacovice.cz\/wp-content\/uploads\/2022\/06\/Z.Nekoranec3.jpg?resize=582%2C819&#038;ssl=1\" alt=\"\" class=\"wp-image-1416\" srcset=\"https:\/\/i0.wp.com\/www.aeroklubluhacovice.cz\/wp-content\/uploads\/2022\/06\/Z.Nekoranec3.jpg?w=582&amp;ssl=1 582w, https:\/\/i0.wp.com\/www.aeroklubluhacovice.cz\/wp-content\/uploads\/2022\/06\/Z.Nekoranec3.jpg?resize=213%2C300&amp;ssl=1 213w\" sizes=\"(max-width: 582px) 100vw, 582px\" \/><\/figure>\n\n\n\n<figure class=\"wp-block-image size-large is-resized\"><img data-recalc-dims=\"1\" loading=\"lazy\" decoding=\"async\" data-attachment-id=\"1417\" data-permalink=\"https:\/\/www.aeroklubluhacovice.cz\/index.php\/zdenek-nekoranec\/z-nekoranec4\/\" data-orig-file=\"https:\/\/i0.wp.com\/www.aeroklubluhacovice.cz\/wp-content\/uploads\/2022\/06\/Z.Nekoranec4.jpg?fit=571%2C814&amp;ssl=1\" data-orig-size=\"571,814\" data-comments-opened=\"1\" data-image-meta=\"{&quot;aperture&quot;:&quot;0&quot;,&quot;credit&quot;:&quot;&quot;,&quot;camera&quot;:&quot;&quot;,&quot;caption&quot;:&quot;&quot;,&quot;created_timestamp&quot;:&quot;0&quot;,&quot;copyright&quot;:&quot;&quot;,&quot;focal_length&quot;:&quot;0&quot;,&quot;iso&quot;:&quot;0&quot;,&quot;shutter_speed&quot;:&quot;0&quot;,&quot;title&quot;:&quot;&quot;,&quot;orientation&quot;:&quot;1&quot;}\" data-image-title=\"Z.Nekoranec4\" data-image-description=\"\" data-image-caption=\"\" data-large-file=\"https:\/\/i0.wp.com\/www.aeroklubluhacovice.cz\/wp-content\/uploads\/2022\/06\/Z.Nekoranec4.jpg?fit=571%2C814&amp;ssl=1\" src=\"https:\/\/i0.wp.com\/www.aeroklubluhacovice.cz\/wp-content\/uploads\/2022\/06\/Z.Nekoranec4.jpg?resize=571%2C814&#038;ssl=1\" alt=\"\" class=\"wp-image-1417\" width=\"571\" height=\"814\" srcset=\"https:\/\/i0.wp.com\/www.aeroklubluhacovice.cz\/wp-content\/uploads\/2022\/06\/Z.Nekoranec4.jpg?w=571&amp;ssl=1 571w, https:\/\/i0.wp.com\/www.aeroklubluhacovice.cz\/wp-content\/uploads\/2022\/06\/Z.Nekoranec4.jpg?resize=210%2C300&amp;ssl=1 210w\" sizes=\"(max-width: 571px) 100vw, 571px\" \/><\/figure>\n\n\n\n<p>V\u00edc se, bohu\u017eel nedochovalo. Tak nakonec aspo\u0148 vzpom\u00ednkov\u00e9 foto od Lubo\u0161e \u2026 i s Lubo\u0161em   a Bo\u0159kem Krej\u010d\u00edm, t\u00e9\u017e pilotem Moravanu.<\/p>\n\n\n\n<figure class=\"wp-block-image size-large\"><img data-recalc-dims=\"1\" loading=\"lazy\" decoding=\"async\" width=\"584\" height=\"407\" data-attachment-id=\"3019\" data-permalink=\"https:\/\/www.aeroklubluhacovice.cz\/index.php\/ludvik-cvanda\/snimek-obrazovky-nekoranec\/\" data-orig-file=\"https:\/\/i0.wp.com\/www.aeroklubluhacovice.cz\/wp-content\/uploads\/2025\/02\/Snimek-obrazovky-Nekoranec.png?fit=1226%2C854&amp;ssl=1\" data-orig-size=\"1226,854\" data-comments-opened=\"1\" data-image-meta=\"{&quot;aperture&quot;:&quot;0&quot;,&quot;credit&quot;:&quot;&quot;,&quot;camera&quot;:&quot;&quot;,&quot;caption&quot;:&quot;&quot;,&quot;created_timestamp&quot;:&quot;0&quot;,&quot;copyright&quot;:&quot;&quot;,&quot;focal_length&quot;:&quot;0&quot;,&quot;iso&quot;:&quot;0&quot;,&quot;shutter_speed&quot;:&quot;0&quot;,&quot;title&quot;:&quot;&quot;,&quot;orientation&quot;:&quot;0&quot;}\" data-image-title=\"Snimek-obrazovky-Nekoranec\" data-image-description=\"\" data-image-caption=\"\" data-large-file=\"https:\/\/i0.wp.com\/www.aeroklubluhacovice.cz\/wp-content\/uploads\/2025\/02\/Snimek-obrazovky-Nekoranec.png?fit=584%2C407&amp;ssl=1\" src=\"https:\/\/i0.wp.com\/www.aeroklubluhacovice.cz\/wp-content\/uploads\/2025\/02\/Snimek-obrazovky-Nekoranec.png?resize=584%2C407\" alt=\"\" class=\"wp-image-3019\" srcset=\"https:\/\/i0.wp.com\/www.aeroklubluhacovice.cz\/wp-content\/uploads\/2025\/02\/Snimek-obrazovky-Nekoranec.png?resize=1024%2C713&amp;ssl=1 1024w, https:\/\/i0.wp.com\/www.aeroklubluhacovice.cz\/wp-content\/uploads\/2025\/02\/Snimek-obrazovky-Nekoranec.png?resize=300%2C209&amp;ssl=1 300w, https:\/\/i0.wp.com\/www.aeroklubluhacovice.cz\/wp-content\/uploads\/2025\/02\/Snimek-obrazovky-Nekoranec.png?resize=768%2C535&amp;ssl=1 768w, https:\/\/i0.wp.com\/www.aeroklubluhacovice.cz\/wp-content\/uploads\/2025\/02\/Snimek-obrazovky-Nekoranec.png?resize=431%2C300&amp;ssl=1 431w, https:\/\/i0.wp.com\/www.aeroklubluhacovice.cz\/wp-content\/uploads\/2025\/02\/Snimek-obrazovky-Nekoranec.png?w=1226&amp;ssl=1 1226w, https:\/\/i0.wp.com\/www.aeroklubluhacovice.cz\/wp-content\/uploads\/2025\/02\/Snimek-obrazovky-Nekoranec.png?w=1168 1168w\" sizes=\"(max-width: 584px) 100vw, 584px\" \/><\/figure>\n","protected":false},"excerpt":{"rendered":"<p>Zden\u011bk&nbsp;&nbsp;Nekoranec&nbsp;&nbsp;se stejn\u011b jako Ludv\u00edk&nbsp;&nbsp;\u010cvanda stal hned \u010dlenem aeroklubu ve Zl\u00edn\u011b a n\u00e1sledn\u011b l\u00e9taj\u00edc\u00edho v&nbsp;Otrokovic\u00edch. Pracoval rovn\u011b\u017e v&nbsp;Ba\u0165ov\u00fdch z\u00e1vodech, pozd\u011bji v konstrukci ZPS. Kdy\u017e jsem v&nbsp;roce 1965 po vysok\u00e9 \u0161kole nastoupil do ZPS stal jsem se nakr\u00e1tko jeho spolupracovn\u00edkem, ne\u017e jsem &hellip; <a href=\"https:\/\/www.aeroklubluhacovice.cz\/index.php\/zdenek-nekoranec\/\">Cel\u00fd p\u0159\u00edsp\u011bvek <span class=\"meta-nav\">&rarr;<\/span><\/a><\/p>\n","protected":false},"author":1,"featured_media":0,"parent":0,"menu_order":0,"comment_status":"closed","ping_status":"closed","template":"","meta":{"jetpack_post_was_ever_published":false,"footnotes":""},"class_list":["post-1413","page","type-page","status-publish","hentry"],"jetpack_sharing_enabled":true,"jetpack_shortlink":"https:\/\/wp.me\/P9Nr4W-mN","jetpack_likes_enabled":true,"jetpack-related-posts":[],"_links":{"self":[{"href":"https:\/\/www.aeroklubluhacovice.cz\/index.php\/wp-json\/wp\/v2\/pages\/1413","targetHints":{"allow":["GET"]}}],"collection":[{"href":"https:\/\/www.aeroklubluhacovice.cz\/index.php\/wp-json\/wp\/v2\/pages"}],"about":[{"href":"https:\/\/www.aeroklubluhacovice.cz\/index.php\/wp-json\/wp\/v2\/types\/page"}],"author":[{"embeddable":true,"href":"https:\/\/www.aeroklubluhacovice.cz\/index.php\/wp-json\/wp\/v2\/users\/1"}],"replies":[{"embeddable":true,"href":"https:\/\/www.aeroklubluhacovice.cz\/index.php\/wp-json\/wp\/v2\/comments?post=1413"}],"version-history":[{"count":5,"href":"https:\/\/www.aeroklubluhacovice.cz\/index.php\/wp-json\/wp\/v2\/pages\/1413\/revisions"}],"predecessor-version":[{"id":3089,"href":"https:\/\/www.aeroklubluhacovice.cz\/index.php\/wp-json\/wp\/v2\/pages\/1413\/revisions\/3089"}],"wp:attachment":[{"href":"https:\/\/www.aeroklubluhacovice.cz\/index.php\/wp-json\/wp\/v2\/media?parent=1413"}],"curies":[{"name":"wp","href":"https:\/\/api.w.org\/{rel}","templated":true}]}}