{"id":1404,"date":"2022-06-04T22:03:52","date_gmt":"2022-06-04T21:03:52","guid":{"rendered":"http:\/\/www.aeroklubluhacovice.cz\/?page_id=1404"},"modified":"2025-01-22T22:50:08","modified_gmt":"2025-01-22T21:50:08","slug":"z-archivu-zdenka-nekorance-jak-se-zacinalo","status":"publish","type":"page","link":"https:\/\/www.aeroklubluhacovice.cz\/index.php\/z-archivu-zdenka-nekorance-jak-se-zacinalo\/","title":{"rendered":"Z arch\u00edvu Lu\u010fka \u010cvandy &#8211; Jak se za\u010d\u00ednalo"},"content":{"rendered":"\n<p><\/p>\n\n\n\n<figure class=\"wp-block-image size-large\"><img data-recalc-dims=\"1\" fetchpriority=\"high\" decoding=\"async\" width=\"584\" height=\"820\" data-attachment-id=\"1405\" data-permalink=\"https:\/\/www.aeroklubluhacovice.cz\/index.php\/z-archivu-zdenka-nekorance-jak-se-zacinalo\/z-nekoranec-jak1\/\" data-orig-file=\"https:\/\/i0.wp.com\/www.aeroklubluhacovice.cz\/wp-content\/uploads\/2022\/06\/Z.Nekoranec-Jak1.jpg?fit=832%2C1168&amp;ssl=1\" data-orig-size=\"832,1168\" data-comments-opened=\"1\" data-image-meta=\"{&quot;aperture&quot;:&quot;0&quot;,&quot;credit&quot;:&quot;&quot;,&quot;camera&quot;:&quot;&quot;,&quot;caption&quot;:&quot;&quot;,&quot;created_timestamp&quot;:&quot;0&quot;,&quot;copyright&quot;:&quot;&quot;,&quot;focal_length&quot;:&quot;0&quot;,&quot;iso&quot;:&quot;0&quot;,&quot;shutter_speed&quot;:&quot;0&quot;,&quot;title&quot;:&quot;&quot;,&quot;orientation&quot;:&quot;1&quot;}\" data-image-title=\"Z.Nekoranec-Jak1\" data-image-description=\"\" data-image-caption=\"\" data-large-file=\"https:\/\/i0.wp.com\/www.aeroklubluhacovice.cz\/wp-content\/uploads\/2022\/06\/Z.Nekoranec-Jak1.jpg?fit=584%2C820&amp;ssl=1\" src=\"https:\/\/i0.wp.com\/www.aeroklubluhacovice.cz\/wp-content\/uploads\/2022\/06\/Z.Nekoranec-Jak1-729x1024.jpg?resize=584%2C820&#038;ssl=1\" alt=\"\" class=\"wp-image-1405\" srcset=\"https:\/\/i0.wp.com\/www.aeroklubluhacovice.cz\/wp-content\/uploads\/2022\/06\/Z.Nekoranec-Jak1.jpg?resize=729%2C1024&amp;ssl=1 729w, https:\/\/i0.wp.com\/www.aeroklubluhacovice.cz\/wp-content\/uploads\/2022\/06\/Z.Nekoranec-Jak1.jpg?resize=214%2C300&amp;ssl=1 214w, https:\/\/i0.wp.com\/www.aeroklubluhacovice.cz\/wp-content\/uploads\/2022\/06\/Z.Nekoranec-Jak1.jpg?resize=768%2C1078&amp;ssl=1 768w, https:\/\/i0.wp.com\/www.aeroklubluhacovice.cz\/wp-content\/uploads\/2022\/06\/Z.Nekoranec-Jak1.jpg?w=832&amp;ssl=1 832w\" sizes=\"(max-width: 584px) 100vw, 584px\" \/><\/figure>\n\n\n\n<figure class=\"wp-block-image size-large\"><img data-recalc-dims=\"1\" decoding=\"async\" width=\"584\" height=\"846\" data-attachment-id=\"1406\" data-permalink=\"https:\/\/www.aeroklubluhacovice.cz\/index.php\/z-archivu-zdenka-nekorance-jak-se-zacinalo\/z-nekoranec-jak2\/\" data-orig-file=\"https:\/\/i0.wp.com\/www.aeroklubluhacovice.cz\/wp-content\/uploads\/2022\/06\/Z.Nekoranec-Jak2.jpg?fit=806%2C1168&amp;ssl=1\" data-orig-size=\"806,1168\" data-comments-opened=\"1\" data-image-meta=\"{&quot;aperture&quot;:&quot;0&quot;,&quot;credit&quot;:&quot;&quot;,&quot;camera&quot;:&quot;&quot;,&quot;caption&quot;:&quot;&quot;,&quot;created_timestamp&quot;:&quot;0&quot;,&quot;copyright&quot;:&quot;&quot;,&quot;focal_length&quot;:&quot;0&quot;,&quot;iso&quot;:&quot;0&quot;,&quot;shutter_speed&quot;:&quot;0&quot;,&quot;title&quot;:&quot;&quot;,&quot;orientation&quot;:&quot;1&quot;}\" data-image-title=\"Z.Nekoranec-Jak2\" data-image-description=\"\" data-image-caption=\"\" data-large-file=\"https:\/\/i0.wp.com\/www.aeroklubluhacovice.cz\/wp-content\/uploads\/2022\/06\/Z.Nekoranec-Jak2.jpg?fit=584%2C846&amp;ssl=1\" src=\"https:\/\/i0.wp.com\/www.aeroklubluhacovice.cz\/wp-content\/uploads\/2022\/06\/Z.Nekoranec-Jak2-707x1024.jpg?resize=584%2C846&#038;ssl=1\" alt=\"\" class=\"wp-image-1406\" srcset=\"https:\/\/i0.wp.com\/www.aeroklubluhacovice.cz\/wp-content\/uploads\/2022\/06\/Z.Nekoranec-Jak2.jpg?resize=707%2C1024&amp;ssl=1 707w, https:\/\/i0.wp.com\/www.aeroklubluhacovice.cz\/wp-content\/uploads\/2022\/06\/Z.Nekoranec-Jak2.jpg?resize=207%2C300&amp;ssl=1 207w, https:\/\/i0.wp.com\/www.aeroklubluhacovice.cz\/wp-content\/uploads\/2022\/06\/Z.Nekoranec-Jak2.jpg?resize=768%2C1113&amp;ssl=1 768w, https:\/\/i0.wp.com\/www.aeroklubluhacovice.cz\/wp-content\/uploads\/2022\/06\/Z.Nekoranec-Jak2.jpg?w=806&amp;ssl=1 806w\" sizes=\"(max-width: 584px) 100vw, 584px\" \/><\/figure>\n\n\n\n<figure class=\"wp-block-image size-large\"><img data-recalc-dims=\"1\" decoding=\"async\" width=\"584\" height=\"851\" data-attachment-id=\"1407\" data-permalink=\"https:\/\/www.aeroklubluhacovice.cz\/index.php\/z-archivu-zdenka-nekorance-jak-se-zacinalo\/z-nekoranec-jak3\/\" data-orig-file=\"https:\/\/i0.wp.com\/www.aeroklubluhacovice.cz\/wp-content\/uploads\/2022\/06\/Z.Nekoranec-Jak3-e1655151817252.jpg?fit=802%2C408&amp;ssl=1\" data-orig-size=\"802,408\" data-comments-opened=\"1\" data-image-meta=\"{&quot;aperture&quot;:&quot;0&quot;,&quot;credit&quot;:&quot;&quot;,&quot;camera&quot;:&quot;&quot;,&quot;caption&quot;:&quot;&quot;,&quot;created_timestamp&quot;:&quot;0&quot;,&quot;copyright&quot;:&quot;&quot;,&quot;focal_length&quot;:&quot;0&quot;,&quot;iso&quot;:&quot;0&quot;,&quot;shutter_speed&quot;:&quot;0&quot;,&quot;title&quot;:&quot;&quot;,&quot;orientation&quot;:&quot;1&quot;}\" data-image-title=\"Z.Nekoranec-Jak3\" data-image-description=\"\" data-image-caption=\"\" data-large-file=\"https:\/\/i0.wp.com\/www.aeroklubluhacovice.cz\/wp-content\/uploads\/2022\/06\/Z.Nekoranec-Jak3-e1655151817252.jpg?fit=584%2C851&amp;ssl=1\" src=\"https:\/\/i0.wp.com\/www.aeroklubluhacovice.cz\/wp-content\/uploads\/2022\/06\/Z.Nekoranec-Jak3-703x1024.jpg?resize=584%2C851&#038;ssl=1\" alt=\"\" class=\"wp-image-1407\"\/><\/figure>\n\n\n\n<figure class=\"wp-block-image size-large\"><img data-recalc-dims=\"1\" loading=\"lazy\" decoding=\"async\" width=\"584\" height=\"842\" data-attachment-id=\"1408\" data-permalink=\"https:\/\/www.aeroklubluhacovice.cz\/index.php\/z-archivu-zdenka-nekorance-jak-se-zacinalo\/z-nekoranec-jak4\/\" data-orig-file=\"https:\/\/i0.wp.com\/www.aeroklubluhacovice.cz\/wp-content\/uploads\/2022\/06\/Z.Nekoranec-Jak4.jpg?fit=810%2C1168&amp;ssl=1\" data-orig-size=\"810,1168\" data-comments-opened=\"1\" data-image-meta=\"{&quot;aperture&quot;:&quot;0&quot;,&quot;credit&quot;:&quot;&quot;,&quot;camera&quot;:&quot;&quot;,&quot;caption&quot;:&quot;&quot;,&quot;created_timestamp&quot;:&quot;0&quot;,&quot;copyright&quot;:&quot;&quot;,&quot;focal_length&quot;:&quot;0&quot;,&quot;iso&quot;:&quot;0&quot;,&quot;shutter_speed&quot;:&quot;0&quot;,&quot;title&quot;:&quot;&quot;,&quot;orientation&quot;:&quot;1&quot;}\" data-image-title=\"Z.Nekoranec-Jak4\" data-image-description=\"\" data-image-caption=\"\" data-large-file=\"https:\/\/i0.wp.com\/www.aeroklubluhacovice.cz\/wp-content\/uploads\/2022\/06\/Z.Nekoranec-Jak4.jpg?fit=584%2C842&amp;ssl=1\" src=\"https:\/\/i0.wp.com\/www.aeroklubluhacovice.cz\/wp-content\/uploads\/2022\/06\/Z.Nekoranec-Jak4-710x1024.jpg?resize=584%2C842&#038;ssl=1\" alt=\"\" class=\"wp-image-1408\" srcset=\"https:\/\/i0.wp.com\/www.aeroklubluhacovice.cz\/wp-content\/uploads\/2022\/06\/Z.Nekoranec-Jak4.jpg?resize=710%2C1024&amp;ssl=1 710w, https:\/\/i0.wp.com\/www.aeroklubluhacovice.cz\/wp-content\/uploads\/2022\/06\/Z.Nekoranec-Jak4.jpg?resize=208%2C300&amp;ssl=1 208w, https:\/\/i0.wp.com\/www.aeroklubluhacovice.cz\/wp-content\/uploads\/2022\/06\/Z.Nekoranec-Jak4.jpg?resize=768%2C1107&amp;ssl=1 768w, https:\/\/i0.wp.com\/www.aeroklubluhacovice.cz\/wp-content\/uploads\/2022\/06\/Z.Nekoranec-Jak4.jpg?w=810&amp;ssl=1 810w\" sizes=\"(max-width: 584px) 100vw, 584px\" \/><\/figure>\n\n\n\n<figure class=\"wp-block-image size-large\"><img data-recalc-dims=\"1\" loading=\"lazy\" decoding=\"async\" width=\"584\" height=\"840\" data-attachment-id=\"1409\" data-permalink=\"https:\/\/www.aeroklubluhacovice.cz\/index.php\/z-archivu-zdenka-nekorance-jak-se-zacinalo\/z-nekoranec-jak5\/\" data-orig-file=\"https:\/\/i0.wp.com\/www.aeroklubluhacovice.cz\/wp-content\/uploads\/2022\/06\/Z.Nekoranec-Jak5.jpg?fit=812%2C1168&amp;ssl=1\" data-orig-size=\"812,1168\" data-comments-opened=\"1\" data-image-meta=\"{&quot;aperture&quot;:&quot;0&quot;,&quot;credit&quot;:&quot;&quot;,&quot;camera&quot;:&quot;&quot;,&quot;caption&quot;:&quot;&quot;,&quot;created_timestamp&quot;:&quot;0&quot;,&quot;copyright&quot;:&quot;&quot;,&quot;focal_length&quot;:&quot;0&quot;,&quot;iso&quot;:&quot;0&quot;,&quot;shutter_speed&quot;:&quot;0&quot;,&quot;title&quot;:&quot;&quot;,&quot;orientation&quot;:&quot;1&quot;}\" data-image-title=\"Z.Nekoranec-Jak5\" data-image-description=\"\" data-image-caption=\"\" data-large-file=\"https:\/\/i0.wp.com\/www.aeroklubluhacovice.cz\/wp-content\/uploads\/2022\/06\/Z.Nekoranec-Jak5.jpg?fit=584%2C840&amp;ssl=1\" src=\"https:\/\/i0.wp.com\/www.aeroklubluhacovice.cz\/wp-content\/uploads\/2022\/06\/Z.Nekoranec-Jak5-712x1024.jpg?resize=584%2C840&#038;ssl=1\" alt=\"\" class=\"wp-image-1409\" srcset=\"https:\/\/i0.wp.com\/www.aeroklubluhacovice.cz\/wp-content\/uploads\/2022\/06\/Z.Nekoranec-Jak5.jpg?resize=712%2C1024&amp;ssl=1 712w, https:\/\/i0.wp.com\/www.aeroklubluhacovice.cz\/wp-content\/uploads\/2022\/06\/Z.Nekoranec-Jak5.jpg?resize=209%2C300&amp;ssl=1 209w, https:\/\/i0.wp.com\/www.aeroklubluhacovice.cz\/wp-content\/uploads\/2022\/06\/Z.Nekoranec-Jak5.jpg?resize=768%2C1105&amp;ssl=1 768w, https:\/\/i0.wp.com\/www.aeroklubluhacovice.cz\/wp-content\/uploads\/2022\/06\/Z.Nekoranec-Jak5.jpg?w=812&amp;ssl=1 812w\" sizes=\"(max-width: 584px) 100vw, 584px\" \/><\/figure>\n\n\n\n<figure class=\"wp-block-image size-large\"><img data-recalc-dims=\"1\" loading=\"lazy\" decoding=\"async\" width=\"584\" height=\"836\" data-attachment-id=\"1411\" data-permalink=\"https:\/\/www.aeroklubluhacovice.cz\/index.php\/z-archivu-zdenka-nekorance-jak-se-zacinalo\/z-nekoranec-jak6\/\" data-orig-file=\"https:\/\/i0.wp.com\/www.aeroklubluhacovice.cz\/wp-content\/uploads\/2022\/06\/Z.Nekoranec-Jak6.jpg?fit=804%2C1152&amp;ssl=1\" data-orig-size=\"804,1152\" data-comments-opened=\"1\" data-image-meta=\"{&quot;aperture&quot;:&quot;0&quot;,&quot;credit&quot;:&quot;&quot;,&quot;camera&quot;:&quot;&quot;,&quot;caption&quot;:&quot;&quot;,&quot;created_timestamp&quot;:&quot;0&quot;,&quot;copyright&quot;:&quot;&quot;,&quot;focal_length&quot;:&quot;0&quot;,&quot;iso&quot;:&quot;0&quot;,&quot;shutter_speed&quot;:&quot;0&quot;,&quot;title&quot;:&quot;&quot;,&quot;orientation&quot;:&quot;1&quot;}\" data-image-title=\"Z.Nekoranec-Jak6\" data-image-description=\"\" data-image-caption=\"\" data-large-file=\"https:\/\/i0.wp.com\/www.aeroklubluhacovice.cz\/wp-content\/uploads\/2022\/06\/Z.Nekoranec-Jak6.jpg?fit=584%2C836&amp;ssl=1\" src=\"https:\/\/i0.wp.com\/www.aeroklubluhacovice.cz\/wp-content\/uploads\/2022\/06\/Z.Nekoranec-Jak6-715x1024.jpg?resize=584%2C836&#038;ssl=1\" alt=\"\" class=\"wp-image-1411\" srcset=\"https:\/\/i0.wp.com\/www.aeroklubluhacovice.cz\/wp-content\/uploads\/2022\/06\/Z.Nekoranec-Jak6.jpg?resize=715%2C1024&amp;ssl=1 715w, https:\/\/i0.wp.com\/www.aeroklubluhacovice.cz\/wp-content\/uploads\/2022\/06\/Z.Nekoranec-Jak6.jpg?resize=209%2C300&amp;ssl=1 209w, https:\/\/i0.wp.com\/www.aeroklubluhacovice.cz\/wp-content\/uploads\/2022\/06\/Z.Nekoranec-Jak6.jpg?resize=768%2C1100&amp;ssl=1 768w, https:\/\/i0.wp.com\/www.aeroklubluhacovice.cz\/wp-content\/uploads\/2022\/06\/Z.Nekoranec-Jak6.jpg?w=804&amp;ssl=1 804w\" sizes=\"(max-width: 584px) 100vw, 584px\" \/><\/figure>\n","protected":false},"excerpt":{"rendered":"","protected":false},"author":1,"featured_media":1407,"parent":0,"menu_order":0,"comment_status":"closed","ping_status":"closed","template":"","meta":{"jetpack_post_was_ever_published":false,"footnotes":""},"class_list":["post-1404","page","type-page","status-publish","has-post-thumbnail","hentry"],"jetpack_sharing_enabled":true,"jetpack_shortlink":"https:\/\/wp.me\/P9Nr4W-mE","jetpack_likes_enabled":true,"jetpack-related-posts":[],"_links":{"self":[{"href":"https:\/\/www.aeroklubluhacovice.cz\/index.php\/wp-json\/wp\/v2\/pages\/1404","targetHints":{"allow":["GET"]}}],"collection":[{"href":"https:\/\/www.aeroklubluhacovice.cz\/index.php\/wp-json\/wp\/v2\/pages"}],"about":[{"href":"https:\/\/www.aeroklubluhacovice.cz\/index.php\/wp-json\/wp\/v2\/types\/page"}],"author":[{"embeddable":true,"href":"https:\/\/www.aeroklubluhacovice.cz\/index.php\/wp-json\/wp\/v2\/users\/1"}],"replies":[{"embeddable":true,"href":"https:\/\/www.aeroklubluhacovice.cz\/index.php\/wp-json\/wp\/v2\/comments?post=1404"}],"version-history":[{"count":2,"href":"https:\/\/www.aeroklubluhacovice.cz\/index.php\/wp-json\/wp\/v2\/pages\/1404\/revisions"}],"predecessor-version":[{"id":2984,"href":"https:\/\/www.aeroklubluhacovice.cz\/index.php\/wp-json\/wp\/v2\/pages\/1404\/revisions\/2984"}],"wp:featuredmedia":[{"embeddable":true,"href":"https:\/\/www.aeroklubluhacovice.cz\/index.php\/wp-json\/wp\/v2\/media\/1407"}],"wp:attachment":[{"href":"https:\/\/www.aeroklubluhacovice.cz\/index.php\/wp-json\/wp\/v2\/media?parent=1404"}],"curies":[{"name":"wp","href":"https:\/\/api.w.org\/{rel}","templated":true}]}}