{"id":1288,"date":"2022-03-30T22:23:34","date_gmt":"2022-03-30T21:23:34","guid":{"rendered":"http:\/\/www.aeroklubluhacovice.cz\/?page_id=1288"},"modified":"2022-03-31T21:41:33","modified_gmt":"2022-03-31T20:41:33","slug":"zacatky-sportovniho-letectvi-na-zlinsku","status":"publish","type":"page","link":"https:\/\/www.aeroklubluhacovice.cz\/index.php\/zacatky-sportovniho-letectvi-na-zlinsku\/","title":{"rendered":"Za\u010d\u00e1tky sportovn\u00edho letectv\u00ed na Zl\u00ednsku"},"content":{"rendered":"\n<p>Za\u010d\u00e1tky sportovn\u00edho letectv\u00ed na Morav\u011b byly, p\u0159es obrovsk\u00e9 nad\u0161en\u00ed, velmi skromn\u00e9. V&nbsp;\u0159\u00edjnu 1919 byla v&nbsp;Brn\u011b zalo\u017eena odbo\u010dka \u010ceskoslovensk\u00e9ho aviatick\u00e9ho klubu Praha, kter\u00e1 se ale u\u017e v&nbsp;dubnu 1920 osamostatnila pod n\u00e1zvem Moravsk\u00fd aeroklub Brno, od roku 1932 p\u0159ejmenovan\u00fd na Moravskoslezsk\u00fd aeroklub Brno. Prakticky nezn\u00e1m\u00fdm faktem je, \u017ee Tom\u00e1\u0161 Ba\u0165a se stal v&nbsp;roce 1923 \u010dlenem tohoto prvn\u00edho moravsk\u00e9ho aeroklubu. Brn\u011bnsk\u00fd aeroklub byl mezi sv\u011btov\u00fdmi v\u00e1lkami dlouho jedin\u00fdm aeroklubem sv\u00e9ho druhu na Morav\u011b, a\u017e v&nbsp;roce 1935 byl zalo\u017een Ostravsk\u00fd aeroklub v&nbsp;Moravsk\u00e9 Ostrav\u011b.&nbsp;<\/p>\n\n\n\n<p>V kv\u011btnu 1922 byl v&nbsp;Praze zalo\u017een Masaryk\u016fv leteck\u00fd fond, jeho\u017e c\u00edlem byla p\u0159edev\u0161\u00edm popularizace letectv\u00ed v\u0161emi dostupn\u00fdmi prost\u0159edky, p\u0159edev\u0161\u00edm po\u0159\u00e1d\u00e1n\u00edm leteck\u00fdch sout\u011b\u017e\u00ed, leteck\u00fdch dn\u016f, p\u0159edn\u00e1\u0161ek, vyd\u00e1v\u00e1n\u00edm leteck\u00fdch publikac\u00ed atd. Masaryk\u016fv leteck\u00fd fond byl 6. b\u0159ezna 1926 p\u0159em\u011bn\u011bn na celost\u00e1tn\u00ed leteck\u00fd spolek Masarykova leteck\u00e1 liga (MLL), kter\u00fd si dal za c\u00edl&nbsp;<em>\u201eorganizovati s\u00edly ob\u010danstva ku pr\u00e1ci pro pokrok letectv\u00ed a pro jeho vyu\u017eit\u00ed k&nbsp;obran\u011b i rozkv\u011btu st\u00e1tu\u201c<\/em>. Po cel\u00e9 republice za\u010daly jako houby po de\u0161ti vznikat tzv. m\u00edstn\u00ed skupiny MLL. Z&nbsp;p\u016fvodn\u00edch 3000 \u010dlen\u016f Masarykova leteck\u00e9ho fondu vzniklo b\u011bhem deseti dn\u016f(!) na 50 m\u00edstn\u00edch skupin MLL s&nbsp;8000 \u010dleny.&nbsp;<\/p>\n\n\n\n<p>Ve Zl\u00edn\u011b byla m\u00edstn\u00ed skupina MLL zalo\u017eena na sch\u016fzi konan\u00e9 v&nbsp;\u00fater\u00fd 14. z\u00e1\u0159\u00ed 1926. P\u0159edsedou byl zvolen not\u00e1\u0159 Oskar Zapletal m\u00edstop\u0159edsedy \u00fa\u0159edn\u00edk J. \u017di\u017eka jednatelem pilot leteck\u00e9ho odd\u011blen\u00ed firmy Ba\u0165a Jind\u0159ich Brou\u010dek, pokladn\u00edkem mechanik F. Fo\u0159t a d\u00e1le je\u0161t\u011b 8 \u010dlen\u016f v\u00fdboru a 6 n\u00e1hradn\u00edk\u016f. Za \u010dleny se p\u0159ihl\u00e1silo 130 mu\u017e\u016f a \u017een. Ustanoven byl model\u00e1\u0159sk\u00fd krou\u017eek a v&nbsp;usnesen\u00ed sch\u016fze bylo zalo\u017eit fond na koupen\u00ed vlastn\u00edho letadla. Do l\u00e9ta roku 1927 m\u00edstn\u00ed skupina zorganizovala s&nbsp;podporou leteck\u00e9ho odd\u011blen\u00ed firmy Ba\u0165a n\u011bkolik skromn\u00fdch akc\u00ed. V&nbsp;\u010dervnu 1927 ale n\u00e1hle zem\u0159el p\u0159edseda m\u00edstn\u00ed skupiny MLL Oskar Zapletal a \u010dinnost m\u00edstn\u00ed skupiny se prakticky zastavila. V dal\u0161\u00edch letech ji v&nbsp;propagaci letectv\u00ed zdatn\u011b zastupovalo leteck\u00e9 odd\u011blen\u00ed firmy Ba\u0165a s&nbsp;pilotem Jind\u0159ichem Brou\u010dkem, pozd\u011bji V\u00e1clavem Luke\u0161em, Josefem \u0160\u0165astn\u00fdm a dal\u0161\u00edmi.<\/p>\n\n\n\n<p>Mezit\u00edm se od roku 1930 ve Zl\u00edn\u011b aktivizovala dal\u0161\u00ed skupina amat\u00e9rsk\u00fdch z\u00e1jemc\u016f o letectv\u00ed a l\u00e9t\u00e1n\u00ed. V&nbsp;roce 1930 p\u0159i\u0161el do Zl\u00edna po studiu na vysok\u00e9 \u0161kole nov\u00fd \u0159editel plyn\u00e1rny firmy Ba\u0165a Ing. Rudolf Dohn\u00e1lek, zku\u0161en\u00fd amat\u00e9rsk\u00fd konstrukt\u00e9r a pilot kluz\u00e1k\u016f. Spedit\u00e9r Rudolf \u010cervenka ze Zl\u00edna absolvoval v&nbsp;roce 1930 u propaga\u010dn\u00ed letky MLL v&nbsp;Olomouci kurz pilot\u016f motorov\u00fdch letadel a v&nbsp;roce 1931 I. kurz pilot\u016f plachtov\u00fdch letadel MLL, kter\u00fd organizoval plachtov\u00fd odbor olomouck\u00e9 \u017eupy MLL v&nbsp;Chom\u00fd\u017ei u Byst\u0159ice pod Host\u00fdnem. V&nbsp;tomto kurzu z\u00edskal nejen certifik\u00e1t o absolvov\u00e1n\u00ed pilotn\u00edch zkou\u0161ek stupn\u011b \u201eA\u201c a \u201eB\u201c, ale i z\u00e1kladn\u00ed dovednosti pro stavbu a opravy kluz\u00e1k\u016f. Mezi z\u00e1jemci o l\u00e9t\u00e1n\u00ed byl i Benedikt N\u011bmec a dal\u0161\u00ed a znovu se p\u0159idali i piloti Jind\u0159ich Brou\u010dek a Anton\u00edn Glacner. Od kv\u011btna 1932 tato skupina za\u010dala stav\u011bt na II. Intern\u00e1t\u011b Mlad\u00fdch mu\u017e\u016f kluz\u00e1k nezn\u00e1m\u00e9ho typov\u00e9ho ozna\u010den\u00ed konstrukt\u00e9ra Rudolfa Dohn\u00e1lka (byl velmi podobn\u00fd jeho kluz\u00e1ku NINA z&nbsp;roku 1925). Ve st\u0159edu 15. \u010dervna 1932&nbsp;&nbsp;byla v&nbsp;Klubovn\u00edm dom\u011b (z\u00e1mku) ve Zl\u00edn\u011b znovu zalo\u017eena (obnovena) m\u00edstn\u00ed skupina MLL Zl\u00edn. Jej\u00edm p\u0159edsedou se stal Rudolf \u010cervenka. Na za\u010d\u00e1tku \u0161koln\u00edho roku byl zalo\u017een na Masarykov\u00fdch \u0161kol\u00e1ch nejd\u0159\u00edve model\u00e1\u0159sk\u00fd odbor, kter\u00fd vedl odborn\u00fd u\u010ditel Karel Vo\u0161oust a na za\u010d\u00e1tku listopadu 1932 byl zalo\u017een i plachtov\u00fd odbor m\u00edstn\u00ed skupiny MLL Zl\u00edn pod veden\u00edm Anton\u00edna Glacnera.<\/p>\n\n\n\n<p>Od listopadu 1932 do ledna 1933 prob\u011bhl v&nbsp;Klubovn\u00edm dom\u011b hojn\u011b nav\u0161t\u011bvovan\u00fd pilotn\u00ed kurz mistn\u00ed skupiny MLL Zl\u00edn, kter\u00fd dokon\u010dilo 68 poslucha\u010d\u016f, z&nbsp;nich 30 se p\u0159ihl\u00e1silo i do kurzu praktick\u00e9ho l\u00e9t\u00e1n\u00ed na pr\u00e1v\u011b dokon\u010den\u00e9m kluz\u00e1ku.<\/p>\n\n\n\n<p>Na ned\u011bli 12. \u00fanora 1933 svolal v\u00fdbor m\u00edstn\u00ed skupiny MLL ve Zl\u00edn\u011b prvn\u00ed v\u00fdro\u010dn\u00ed valnou hromadu spolku. Na t\u00e9to valn\u00e9 hromad\u011b byla vyhodnocena \u010dinnost v&nbsp;prvn\u00edm roce existence spolku. Do roku 1933 si spolek vyt\u00fd\u010dil velmi sm\u011bl\u00e9 pl\u00e1ny. Bylo dohodnuto, \u017ee bude zalo\u017eena propaga\u010dn\u00ed letka m\u00edstn\u00ed skupiny. Pro letku se pl\u00e1novalo koupit letadlo Aero A-34 Kos od leteck\u00e9ho odd\u011blen\u00ed firmy Ba\u0165a, d\u00e1le letadlo Letov \u0160-39 od ministerstva ve\u0159ejn\u00fdch prac\u00ed a letoun Avia BH-11 od ministerstva n\u00e1rodn\u00ed obrany. Na ja\u0159e m\u011bl b\u00fdt zal\u00e9tnut kluz\u00e1k a zah\u00e1jen leteck\u00fd v\u00fdcvik s&nbsp;prvn\u00ed skupinou t\u0159iceti z\u00e1jemc\u016f. Na valn\u00e9 hromad\u011b byl zvolen p\u0159edsedou m\u00edstn\u00ed skupin op\u011bt Rudolf \u010cervenka a jednatelem Ing. Bed\u0159ich N\u011bmec. \u010cestn\u00fdm p\u0159edsedou byl zvolen Jan Anton\u00edn Ba\u0165a a \u010destn\u00fdm \u010dlenem starosta m\u011bsta Zl\u00edna Dominik \u010cipera.<\/p>\n\n\n\n<p>Zpr\u00e1va o zvolen\u00ed \u010destn\u00fdm p\u0159edsedou m\u00edstn\u00ed skupiny MLL ve Zl\u00edn\u011b zastihla Jana Anton\u00edna Ba\u0165u na obchodn\u00ed cest\u011b v&nbsp;Egypt\u011b. Po sv\u00e9m n\u00e1vratu si na\u0161el \u010das, aby za\u0161el na jedn\u00e1n\u00ed v\u00fdboru m\u00edstn\u00ed skupiny ve Spole\u010densk\u00e9m dom\u011b (pozd\u011bj\u0161\u00ed hotel Moskva), kde mu pod\u011bkoval za zvolen\u00ed, vyslechl si pl\u00e1ny na rok 1933 a p\u0159i t\u00e9 p\u0159\u00edle\u017eitosti sl\u00edbil, \u017ee pro motorov\u00e1 letadla vy\u010dlen\u00ed zdarma prostor v&nbsp;jednom z&nbsp;d\u0159ev\u011bn\u00fdch hang\u00e1r\u016f na leti\u0161ti v&nbsp;Otrokovic\u00edch a umo\u017en\u00ed bezplatn\u00fd provoz na leti\u0161ti.<\/p>\n\n\n\n<p>Na velikono\u010dn\u00ed ned\u011bli 16. dubna 1933 byl na leti\u0161ti v&nbsp;Otrokovic\u00edch kone\u010dn\u011b zal\u00e9tnut kluz\u00e1k Ing. Rudolfa Dohn\u00e1lka. Kluz\u00e1k zal\u00e9tl s\u00e1m konstrukt\u00e9r. Provedl celkem deset start\u016f pomoc\u00ed lana ta\u017een\u00e9ho autem a dos\u00e1hl maxim\u00e1ln\u00ed doby letu jedn\u00e9 minuty.<\/p>\n\n\n\n<p>Mezit\u00edm se ov\u0161em zkomplikoval zam\u00fd\u0161len\u00fd n\u00e1kup motorov\u00fdch letadel. St\u00e1tn\u00ed tov\u00e1rna na letadla Letov cht\u011bla prvn\u00ed sportovn\u00ed letoun \u0160-39 prod\u00e1vat za cenu 50&nbsp;000 K\u010ds. Pro \u00dast\u0159ed\u00ed MLL v&nbsp;Praze bylo vy\u010dlen\u011bno 12 letadel, za kter\u00e9 m\u011bly letky (motorov\u00e9 odbory) MLL zaplatit 11&nbsp;500 K\u010ds za ka\u017ed\u00e9, zbytek m\u011blo doplatit \u00dast\u0159ed\u00ed MLL. M\u00edstn\u00ed skupina ve Zl\u00edn\u011b velice t\u011b\u017ece dala dohromady z\u00e1lohu na koupi letounu a tu pouk\u00e1zala v&nbsp;polovin\u011b b\u0159ezna na bankovn\u00ed \u00fa\u010det \u00dast\u0159ed\u00ed MLL. V\u00fdvoj letounu \u0160-39 se ale zpozdil a nakonec do Zl\u00edna nebyl p\u0159id\u011blen. Tak\u00e9 na koupi letoun\u016f Aero A-34 a BH-11 nebylo dost finan\u010dn\u00edch prost\u0159edk\u016f, tak\u017ee motorov\u00e9 l\u00e9t\u00e1n\u00ed se zd\u00e1lo ve Zl\u00edn\u011b v&nbsp;nedohlednu.<\/p>\n\n\n\n<p>V&nbsp;ned\u011bli 28. kv\u011btna 1933 se se\u0161el ve Spole\u010densk\u00e9m dom\u011b v\u00fdbor m\u00edstn\u00ed skupiny MLL Zl\u00edn, aby se poradil, jak zajistit v\u0161e pot\u0159ebn\u00e9 pro zah\u00e1jen\u00ed leteck\u00e9ho v\u00fdcviku. Na jedn\u00e1n\u00ed se dostavil i \u010destn\u00fd p\u0159edseda Jan Anton\u00edn Ba\u0165a a ten roz\u0159e\u0161il r\u00e1zn\u011b v\u0161echny pot\u00ed\u017ee. Potvrdil sl\u00edben\u00fd bezplatn\u00fd pron\u00e1jem hang\u00e1ru a provoz na leti\u0161ti v&nbsp;Otrokovic\u00edch. Ozn\u00e1mil darov\u00e1n\u00ed letounu Aero A-34 Kos m\u00edstn\u00ed skupin\u011b, kter\u00e1 mohla tak\u00e9 pozd\u011bji bezplatn\u011b vyu\u017e\u00edvat k&nbsp;v\u00fdcviku letoun De Havilland DH-60 Moth leteck\u00e9ho odd\u011blen\u00ed. D\u00e1le p\u0159isl\u00edbil zdarma pronajmout prostor na I. intern\u00e1t\u011b mlad\u00fdch mu\u017e\u016f ve Zl\u00edn\u011b za \u00fa\u010delem vybudov\u00e1n\u00ed d\u00edlny pro stavbu kluz\u00e1k\u016f, vybavit tuto d\u00edlnu pot\u0159ebn\u00fdmi stroji a n\u00e1stroji a hradit materi\u00e1l na v\u00fdrobu kluz\u00e1k\u016f. Rovn\u011b\u017e p\u0159isl\u00edbil platit vedouc\u00edho d\u00edlny a d\u011bln\u00edky v&nbsp;d\u00edln\u011b a najmout zku\u0161en\u00e9ho konstrukt\u00e9ra kluz\u00e1k\u016f<\/p>\n\n\n\n<p>Po rozhodnut\u00ed Jana A. Bati z ned\u011ble 28. kv\u011btna 1933 se daly ud\u00e1losti rychle do pohybu.&nbsp;V&nbsp;ned\u011bli 4. \u010dervna byl slavnostn\u011b p\u0159ed\u00e1n m\u00edstn\u00ed skupin\u011b MLL letoun Aero A-34 Kos a n\u00e1sledn\u011b byl zalo\u017een motorov\u00fd odbor m\u00edstn\u00ed skupiny. P\u0159edsedou motorov\u00e9ho odboru se pravd\u011bpodobn\u011b stal Anton\u00edn Glacner.&nbsp;<\/p>\n\n\n\n<p>Velkorys\u00fd dar Jana Anton\u00edna Bati z&nbsp;kv\u011btna 1933 rozhodl o budoucnosti nejen zl\u00ednsk\u00e9ho sportovn\u00edho letectv\u00ed, ale i pozd\u011bj\u0161\u00ed slavn\u00e9 leteck\u00e9 v\u00fdroby. Od roku 1933 do poloviny roku 1935, kdy byla v\u00fdroba p\u0159ed\u00e1na&nbsp;Zl\u00ednsk\u00e9 leteck\u00e9 a.s.,&nbsp;bylo vyrobeno ve Zl\u00edn\u011b v&nbsp;r\u00e1mci MLL s&nbsp;v\u00fdraznou podporou firmy Ba\u0165a mnoho des\u00edtek kluz\u00e1k\u016f a v\u011btro\u0148\u016f. V\u00fdcvik na kluz\u00e1c\u00edch a od roku 1934 i na motorov\u00fdch letounech absolvovalo do roku 1938 n\u011bkolik stovek \u010dlen\u016f zl\u00ednsk\u00e9 MLL. V&nbsp;roce 1934 se stal p\u0159edsedou m\u00edstn\u00ed skupiny MLL ve Zl\u00edn\u011b Bohumil \u0160ev\u010d\u00edk, kter\u00fd z\u016fstal v&nbsp;\u010dele zl\u00ednsk\u00fdch leteck\u00fdch spolk\u016f a\u017e do roku 1940.<\/p>\n\n\n\n<p>&nbsp;Do roku 1935 pou\u017e\u00edval motorov\u00fd odbor pouze n\u011bkolik obstaro\u017en\u00edch motorov\u00fdch letadel.&nbsp;&nbsp;Situace se zm\u011bnila s&nbsp;rozb\u011bhem v\u00fdroby letadel Zl\u00edn Z-XII&nbsp;ve&nbsp;Zl\u00ednsk\u00e9 leteck\u00e9 a.s. a tak\u00e9 rozhodnut\u00edm Aeroklubu Republiky \u010deskoslovensk\u00e9, p\u0159id\u011blovat nov\u00e9 letouny z&nbsp;dotace ministerstva ve\u0159ejn\u00fdch prac\u00ed a ministerstva n\u00e1rodn\u00ed obrany v&nbsp;r\u00e1mci akce \u201e1000 pilot\u016f republice\u201c. V&nbsp;r\u00e1mci toho musel motorov\u00fd odbor zm\u011bnit n\u00e1zev na Aeroklub MLL Zl\u00edn. Na za\u010d\u00e1tku roku 1938 se nakonec motorov\u00fd odbor \u00fapln\u011b odtrhl od m\u00edstn\u00ed skupiny MLL Zl\u00edn a pod n\u00e1zvem Aeroklub Zl\u00edn po\u017e\u00e1dal o schv\u00e1len\u00ed nov\u00fdch stanov. Ty byly schv\u00e1leny Zemsk\u00fdm \u00fa\u0159adem v&nbsp;Brn\u011b 27. kv\u011btna 1938. \u00dasp\u011b\u0161nou \u00fa\u010dast\u00ed zl\u00ednsk\u00fdch letc\u016f v&nbsp;leteck\u00e9 sout\u011b\u017ei st\u00e1ty Mal\u00e9 dohody na p\u0159elomu srpna a z\u00e1\u0159\u00ed 1938 se prakticky zavr\u0161ila jejich \u010dinnost p\u0159ed 2. sv\u011btovou v\u00e1lkou. Dne 25. ledna 1939 bylo \u010desko-slovenskou vl\u00e1dou na\u0159\u00edzeno slou\u010dit ve\u0161ker\u00e9 leteck\u00e9 z\u00e1jmov\u00e9 spolky pod jeden spolek s&nbsp;n\u00e1zvem \u010cesk\u00fd n\u00e1rodn\u00ed aeroklub. Po okupaci 15. b\u0159ezna 1939 byl proces likvidace leteck\u00fdch spolk\u016f protektor\u00e1tn\u00ed vl\u00e1dou urychlen a 10. \u010dervna 1939 byl Aeroklub Zl\u00edn zru\u0161en. Dne 25. srpna 1939 byl form\u00e1ln\u011b ustanovena odbo\u010dka \u010cNA ve Zl\u00edn\u011b ale n\u00e1sledn\u00e9 vypuknut\u00ed 2. sv\u011btov\u00e9 v\u00e1lky nakonec usp\u00ed\u0161ilo i z\u00e1nik protektor\u00e1tn\u00edho \u010cNA, kter\u00fd byl zru\u0161en 11. kv\u011btna 1940. To u\u017e ale byla \u0159ada b\u00fdval\u00fdch \u010dlen\u016f MLL a aeroklubu ze Zl\u00edna zapojena do zahrani\u010dn\u00edho odboje, kam ode\u0161lo nejm\u00e9n\u011b 16 jejich \u010dlen\u016f, z&nbsp;nich 6 zahynulo v&nbsp;boji nebo p\u0159i v\u00fdcviku.<\/p>\n\n\n\n<p>V \u00fanoru 2022, v Hole\u0161ov\u011b<\/p>\n\n\n\n<p>Ing.Jan D\u00fabrav\u010d\u00edk<\/p>\n\n\n\n<figure class=\"wp-block-image size-large\"><img data-recalc-dims=\"1\" fetchpriority=\"high\" decoding=\"async\" width=\"580\" height=\"298\" data-attachment-id=\"1292\" data-permalink=\"https:\/\/www.aeroklubluhacovice.cz\/index.php\/zacatky-sportovniho-letectvi-na-zlinsku\/obrazek1\/\" data-orig-file=\"https:\/\/i0.wp.com\/www.aeroklubluhacovice.cz\/wp-content\/uploads\/2022\/03\/Obrazek1.png?fit=580%2C298&amp;ssl=1\" data-orig-size=\"580,298\" data-comments-opened=\"1\" data-image-meta=\"{&quot;aperture&quot;:&quot;0&quot;,&quot;credit&quot;:&quot;&quot;,&quot;camera&quot;:&quot;&quot;,&quot;caption&quot;:&quot;&quot;,&quot;created_timestamp&quot;:&quot;0&quot;,&quot;copyright&quot;:&quot;&quot;,&quot;focal_length&quot;:&quot;0&quot;,&quot;iso&quot;:&quot;0&quot;,&quot;shutter_speed&quot;:&quot;0&quot;,&quot;title&quot;:&quot;&quot;,&quot;orientation&quot;:&quot;0&quot;}\" data-image-title=\"Demonstrace kluz\u00e1ku\" data-image-description=\"&lt;p&gt; Demonstrace kluz\u00e1ku na h\u0159i\u0161ti u elektr\u00e1rny, dnes mezi k\u0159i\u017eovatkou a \u0159ekou (Lidl)&lt;\/p&gt;\n\" data-image-caption=\"&lt;p&gt;Demonstrace kluz\u00e1ku&lt;\/p&gt;\n\" data-large-file=\"https:\/\/i0.wp.com\/www.aeroklubluhacovice.cz\/wp-content\/uploads\/2022\/03\/Obrazek1.png?fit=580%2C298&amp;ssl=1\" src=\"https:\/\/i0.wp.com\/www.aeroklubluhacovice.cz\/wp-content\/uploads\/2022\/03\/Obrazek1.png?resize=580%2C298\" alt=\"Demonstrace kluz\u00e1ku\" class=\"wp-image-1292\" srcset=\"https:\/\/i0.wp.com\/www.aeroklubluhacovice.cz\/wp-content\/uploads\/2022\/03\/Obrazek1.png?w=580&amp;ssl=1 580w, https:\/\/i0.wp.com\/www.aeroklubluhacovice.cz\/wp-content\/uploads\/2022\/03\/Obrazek1.png?resize=300%2C154&amp;ssl=1 300w, https:\/\/i0.wp.com\/www.aeroklubluhacovice.cz\/wp-content\/uploads\/2022\/03\/Obrazek1.png?resize=500%2C257&amp;ssl=1 500w\" sizes=\"(max-width: 580px) 100vw, 580px\" \/><figcaption><em>Demonstrace kluz\u00e1ku na h\u0159i\u0161ti u elektr\u00e1rny, dnes mezi k\u0159i\u017eovatkou a \u0159ekou (Lid<\/em>l)<\/figcaption><\/figure>\n\n\n\n<p>Dopln\u011bn\u00ed informac\u00ed:<\/p>\n\n\n\n<p>K&nbsp;datu 4. \u010dervna 1933 spojen\u00e9mu se zalo\u017een\u00edm motorov\u00e9ho odboru m\u00edstn\u00ed skupiny MLL p\u0159ipojuji je\u0161t\u011b dal\u0161\u00ed datum \u2013 den 8.duben 1934, kdy byla uskute\u010dn\u011bna prvn\u00ed sch\u016fze \u201eplachtov\u00e9ho odboru\u201c m\u00edstn\u00ed skupiny MLL, dolo\u017een\u00e1 \u201eProtokolem\u201c v&nbsp;knize z\u00e1pis\u016f. Kniha je vedena a\u017e do prosince 1937. Dal\u0161\u00ed d\u00edl do \u010dervna 1939 bohu\u017eel nem\u00e1me. Datum&nbsp;&nbsp;duben 1934 je pon\u011bkud v&nbsp;rozporu s&nbsp;informac\u00ed o listopadu 1932, kdy je v\u00fd\u0161e uv\u00e1d\u011bno zalo\u017een\u00ed plachtov\u00e9ho odboru pod veden\u00edm p. Glacnera. Jeliko\u017e od dubna 1934 je veden v&nbsp;plachtov\u00e9m odboru seznam des\u00edtek \u010dlen\u016f v\u010detn\u011b p. Glacnera, je pravd\u011bpodobn\u00e9, \u017ee t\u00edmto datem je t\u00edmto dokumentov\u00e1na vznikl\u00e1&nbsp;&nbsp;instituce. Pan Glacner je&nbsp;&nbsp;v&nbsp;z\u00e1pisech&nbsp;&nbsp;citov\u00e1n opakovan\u011b i s&nbsp;t\u00edm, \u017ee jako motorov\u00fd pilot si tak\u00e9 doplnil v\u00fdcvik plachta\u0159e. V&nbsp;osmdes\u00e1t\u00fdch letech byl hostem aeroklubu Hole\u0161ov&nbsp;&nbsp;na leteck\u00e9m dnu Svazarmu i s&nbsp;dal\u0161\u00edmi p\u0159edv\u00e1le\u010dn\u00fdmi \u010dleny aeroklubu. Po t\u011bchto lidech u\u017e zb\u00fdvaj\u00ed jenom fotografie v&nbsp;kronice&nbsp;&nbsp;a vypr\u00e1v\u011bn\u00ed v&nbsp;literatu\u0159e.<\/p>\n\n\n\n<p>Ing. Lubom\u00edr Vrba, v Luha\u010dovic\u00edch<\/p>\n","protected":false},"excerpt":{"rendered":"<p>Za\u010d\u00e1tky sportovn\u00edho letectv\u00ed na Morav\u011b byly, p\u0159es obrovsk\u00e9 nad\u0161en\u00ed, velmi skromn\u00e9. V&nbsp;\u0159\u00edjnu 1919 byla v&nbsp;Brn\u011b zalo\u017eena odbo\u010dka \u010ceskoslovensk\u00e9ho aviatick\u00e9ho klubu Praha, kter\u00e1 se ale u\u017e v&nbsp;dubnu 1920 osamostatnila pod n\u00e1zvem Moravsk\u00fd aeroklub Brno, od roku 1932 p\u0159ejmenovan\u00fd na Moravskoslezsk\u00fd aeroklub &hellip; <a href=\"https:\/\/www.aeroklubluhacovice.cz\/index.php\/zacatky-sportovniho-letectvi-na-zlinsku\/\">Cel\u00fd p\u0159\u00edsp\u011bvek <span class=\"meta-nav\">&rarr;<\/span><\/a><\/p>\n","protected":false},"author":1,"featured_media":0,"parent":0,"menu_order":0,"comment_status":"closed","ping_status":"closed","template":"","meta":{"jetpack_post_was_ever_published":false,"footnotes":""},"class_list":["post-1288","page","type-page","status-publish","hentry"],"jetpack_sharing_enabled":true,"jetpack_shortlink":"https:\/\/wp.me\/P9Nr4W-kM","jetpack_likes_enabled":true,"jetpack-related-posts":[],"_links":{"self":[{"href":"https:\/\/www.aeroklubluhacovice.cz\/index.php\/wp-json\/wp\/v2\/pages\/1288","targetHints":{"allow":["GET"]}}],"collection":[{"href":"https:\/\/www.aeroklubluhacovice.cz\/index.php\/wp-json\/wp\/v2\/pages"}],"about":[{"href":"https:\/\/www.aeroklubluhacovice.cz\/index.php\/wp-json\/wp\/v2\/types\/page"}],"author":[{"embeddable":true,"href":"https:\/\/www.aeroklubluhacovice.cz\/index.php\/wp-json\/wp\/v2\/users\/1"}],"replies":[{"embeddable":true,"href":"https:\/\/www.aeroklubluhacovice.cz\/index.php\/wp-json\/wp\/v2\/comments?post=1288"}],"version-history":[{"count":2,"href":"https:\/\/www.aeroklubluhacovice.cz\/index.php\/wp-json\/wp\/v2\/pages\/1288\/revisions"}],"predecessor-version":[{"id":1293,"href":"https:\/\/www.aeroklubluhacovice.cz\/index.php\/wp-json\/wp\/v2\/pages\/1288\/revisions\/1293"}],"wp:attachment":[{"href":"https:\/\/www.aeroklubluhacovice.cz\/index.php\/wp-json\/wp\/v2\/media?parent=1288"}],"curies":[{"name":"wp","href":"https:\/\/api.w.org\/{rel}","templated":true}]}}